{"id":1970,"date":"2015-02-05T10:22:10","date_gmt":"2015-02-05T08:22:10","guid":{"rendered":"https:\/\/maltepedemir.com\/contact\/"},"modified":"2022-09-16T16:21:28","modified_gmt":"2022-09-16T13:21:28","slug":"contact","status":"publish","type":"page","link":"https:\/\/maltepedemir.com\/en\/contact\/","title":{"rendered":"Contact"},"content":{"rendered":"<p>[vc_row][vc_column][vc_column_text]<iframe loading=\"lazy\" style=\"border: 0;\" src=\"https:\/\/www.google.com\/maps\/embed?pb=!1m14!1m8!1m3!1d68319.657961091!2d29.581385981615092!3d40.82069624290589!3m2!1i1024!2i768!4f13.1!3m3!1m2!1s0x0%3A0x41bec87416892237!2sMaltepe+Demir+Sanayi+Ticaret+Limited+Sirketi!5e0!3m2!1str!2str!4v1530275573268\" width=\"100%\" height=\"450\" frameborder=\"0\" allowfullscreen=\"allowfullscreen\"><\/iframe>[\/vc_column_text][\/vc_column][\/vc_row][vc_row row_type=&#8221;row_full_center_content&#8221; padding_top=&#8221;10&#8243;][vc_column width=&#8221;1\/2&#8243;]\n\t<div class=\"custom-heading wpb_content_element \">\n\t\t<h2 class=\"heading-title\" ><strong>Our Contact Informatio<\/strong>n<\/h2>\n\t\t<span class=\"heading-line primary\"><\/span>\n\t<\/div>[vc_column_text]<i class=\"fa fa-map-marker\"><\/i> <strong>Address :<\/strong> \u00c7erke\u015fli OSB Mevkii \u0130mes 5. Cd.No: 2 PK 41455<br \/>\nDilovas\u0131 \/ Kocaeli \/ T\u00fcrkiye<\/p>\n<p><i class=\"fa fa-phone\"><\/i> <strong>Tel:<\/strong> +90 262 722 93 63<\/p>\n<p><i class=\"fa fa-envelope\"><\/i> <a href=\"mailto:info@maltepedemir.com\">info@maltepedemir.com<\/a><\/p>\n<p><i class=\"fa fa-fax\"><\/i> <strong>Fax<\/strong>: +90 262 722 93 73[\/vc_column_text][\/vc_column][vc_column width=&#8221;1\/2&#8243;]<div role=\"form\" class=\"wpcf7\" id=\"wpcf7-f4-o1\" lang=\"en-US\" dir=\"ltr\">\n<div class=\"screen-reader-response\"><p role=\"status\" aria-live=\"polite\" aria-atomic=\"true\"><\/p> <ul><\/ul><\/div>\n<form action=\"\/en\/wp-json\/wp\/v2\/pages\/1970#wpcf7-f4-o1\" method=\"post\" class=\"wpcf7-form init\" novalidate=\"novalidate\" data-status=\"init\">\n<div style=\"display: none;\">\n<input type=\"hidden\" name=\"_wpcf7\" value=\"4\" \/>\n<input type=\"hidden\" name=\"_wpcf7_version\" value=\"5.6.4\" \/>\n<input type=\"hidden\" name=\"_wpcf7_locale\" value=\"en_US\" \/>\n<input type=\"hidden\" name=\"_wpcf7_unit_tag\" value=\"wpcf7-f4-o1\" \/>\n<input type=\"hidden\" name=\"_wpcf7_container_post\" value=\"0\" \/>\n<input type=\"hidden\" name=\"_wpcf7_posted_data_hash\" value=\"\" \/>\n<\/div>\n<div class=\"form_1_2\">\n<span class=\"wpcf7-form-control-wrap\" data-name=\"first-name\"><input type=\"text\" name=\"first-name\" value=\"\" size=\"40\" class=\"wpcf7-form-control wpcf7-text wpcf7-validates-as-required\" aria-required=\"true\" aria-invalid=\"false\" placeholder=\"Ad\u0131n\u0131z *\" \/><\/span>\n<\/div>\n<div class=\"form_1_2 last\">\n<span class=\"wpcf7-form-control-wrap\" data-name=\"last-name\"><input type=\"text\" name=\"last-name\" value=\"\" size=\"40\" class=\"wpcf7-form-control wpcf7-text wpcf7-validates-as-required\" aria-required=\"true\" aria-invalid=\"false\" placeholder=\"Soyad\u0131n\u0131z *\" \/><\/span>\n<\/div>\n<div class=\"clear\"><\/div>\n<div class=\"form_1_2\">\n<span class=\"wpcf7-form-control-wrap\" data-name=\"your-email\"><input type=\"email\" name=\"your-email\" value=\"\" size=\"40\" class=\"wpcf7-form-control wpcf7-text wpcf7-email wpcf7-validates-as-required wpcf7-validates-as-email\" aria-required=\"true\" aria-invalid=\"false\" placeholder=\"E-Mail *\" \/><\/span>\n<\/div>\n<div class=\"form_1_2 last\">\n<span class=\"wpcf7-form-control-wrap\" data-name=\"tel-879\"><input type=\"tel\" name=\"tel-879\" value=\"\" size=\"40\" class=\"wpcf7-form-control wpcf7-text wpcf7-tel wpcf7-validates-as-required wpcf7-validates-as-tel\" aria-required=\"true\" aria-invalid=\"false\" placeholder=\"Telefon Numaras\u0131 *\" \/><\/span>\n<\/div>\n<div class=\"clear\"><\/div>\n<p><span class=\"wpcf7-form-control-wrap\" data-name=\"your-subject\"><input type=\"text\" name=\"your-subject\" value=\"\" size=\"40\" class=\"wpcf7-form-control wpcf7-text\" aria-invalid=\"false\" placeholder=\"Konu\" \/><\/span><\/p>\n<p><span class=\"wpcf7-form-control-wrap\" data-name=\"your-message\"><textarea name=\"your-message\" cols=\"40\" rows=\"10\" class=\"wpcf7-form-control wpcf7-textarea\" aria-invalid=\"false\" placeholder=\"Mesaj\"><\/textarea><\/span><\/p>\n<p><input type=\"submit\" value=\"G\u00f6nder\" class=\"wpcf7-form-control has-spinner wpcf7-submit btn btn-large btn-secondary\" \/><\/p>\n<div class=\"wpcf7-response-output\" aria-hidden=\"true\"><\/div><\/form><\/div>[\/vc_column][\/vc_row]<\/p>\n","protected":false},"excerpt":{"rendered":"<p>[vc_row][vc_column][vc_column_text][\/vc_column_text][\/vc_column][\/vc_row][vc_row row_type=&#8221;row_full_center_content&#8221; padding_top=&#8221;10&#8243;][vc_column width=&#8221;1\/2&#8243;][vc_column_text] Address : \u00c7erke\u015fli OSB Mevkii \u0130mes 5. Cd.No: 2 PK 41455 Dilovas\u0131 \/ Kocaeli \/ T\u00fcrkiye Tel: &#8230;<\/p>\n","protected":false},"author":1,"featured_media":0,"parent":0,"menu_order":0,"comment_status":"open","ping_status":"open","template":"","meta":[],"yoast_head":"<!-- This site is optimized with the Yoast SEO plugin v18.3 - https:\/\/yoast.com\/wordpress\/plugins\/seo\/ -->\n<title>Contact - Maltepe Demir<\/title>\n<meta name=\"description\" content=\"Contact Us; Address : \u00c7erke\u015fli OSB Mevkii Imes 5. Cd.No: 2 PK 41455Dilovas\u0131 \/ Kocaeli \/ T\u00fcrkiye Tel: +90 262 722 93 63 Fax: +90 262 722 93 73\" \/>\n<meta name=\"robots\" content=\"index, follow, max-snippet:-1, max-image-preview:large, max-video-preview:-1\" \/>\n<link rel=\"canonical\" href=\"https:\/\/maltepedemir.com\/en\/contact\/\" \/>\n<meta property=\"og:locale\" content=\"en_US\" \/>\n<meta property=\"og:type\" content=\"article\" \/>\n<meta property=\"og:title\" content=\"Contact - Maltepe Demir\" \/>\n<meta property=\"og:description\" content=\"Contact Us; Address : \u00c7erke\u015fli OSB Mevkii Imes 5. Cd.No: 2 PK 41455Dilovas\u0131 \/ Kocaeli \/ T\u00fcrkiye Tel: +90 262 722 93 63 Fax: +90 262 722 93 73\" \/>\n<meta property=\"og:url\" content=\"https:\/\/maltepedemir.com\/en\/contact\/\" \/>\n<meta property=\"og:site_name\" content=\"Maltepe Demir\" \/>\n<meta property=\"article:modified_time\" content=\"2022-09-16T13:21:28+00:00\" \/>\n<meta name=\"twitter:card\" content=\"summary_large_image\" \/>\n<meta name=\"twitter:label1\" content=\"Est. reading time\" \/>\n\t<meta name=\"twitter:data1\" content=\"1 minute\" \/>\n<script type=\"application\/ld+json\" class=\"yoast-schema-graph\">{\"@context\":\"https:\/\/schema.org\",\"@graph\":[{\"@type\":\"WebSite\",\"@id\":\"https:\/\/maltepedemir.com\/#website\",\"url\":\"https:\/\/maltepedemir.com\/\",\"name\":\"Maltepe Demir\",\"description\":\"\",\"potentialAction\":[{\"@type\":\"SearchAction\",\"target\":{\"@type\":\"EntryPoint\",\"urlTemplate\":\"https:\/\/maltepedemir.com\/?s={search_term_string}\"},\"query-input\":\"required name=search_term_string\"}],\"inLanguage\":\"en-US\"},{\"@type\":\"WebPage\",\"@id\":\"https:\/\/maltepedemir.com\/en\/contact\/#webpage\",\"url\":\"https:\/\/maltepedemir.com\/en\/contact\/\",\"name\":\"Contact - Maltepe Demir\",\"isPartOf\":{\"@id\":\"https:\/\/maltepedemir.com\/#website\"},\"datePublished\":\"2015-02-05T08:22:10+00:00\",\"dateModified\":\"2022-09-16T13:21:28+00:00\",\"description\":\"Contact Us; Address : \u00c7erke\u015fli OSB Mevkii Imes 5. Cd.No: 2 PK 41455Dilovas\u0131 \/ Kocaeli \/ T\u00fcrkiye Tel: +90 262 722 93 63 Fax: +90 262 722 93 73\",\"breadcrumb\":{\"@id\":\"https:\/\/maltepedemir.com\/en\/contact\/#breadcrumb\"},\"inLanguage\":\"en-US\",\"potentialAction\":[{\"@type\":\"ReadAction\",\"target\":[\"https:\/\/maltepedemir.com\/en\/contact\/\"]}]},{\"@type\":\"BreadcrumbList\",\"@id\":\"https:\/\/maltepedemir.com\/en\/contact\/#breadcrumb\",\"itemListElement\":[{\"@type\":\"ListItem\",\"position\":1,\"name\":\"Ana sayfa\",\"item\":\"https:\/\/maltepedemir.com\/en\/\"},{\"@type\":\"ListItem\",\"position\":2,\"name\":\"Contact\"}]}]}<\/script>\n<!-- \/ Yoast SEO plugin. -->","yoast_head_json":{"title":"Contact - Maltepe Demir","description":"Contact Us; Address : \u00c7erke\u015fli OSB Mevkii Imes 5. Cd.No: 2 PK 41455Dilovas\u0131 \/ Kocaeli \/ T\u00fcrkiye Tel: +90 262 722 93 63 Fax: +90 262 722 93 73","robots":{"index":"index","follow":"follow","max-snippet":"max-snippet:-1","max-image-preview":"max-image-preview:large","max-video-preview":"max-video-preview:-1"},"canonical":"https:\/\/maltepedemir.com\/en\/contact\/","og_locale":"en_US","og_type":"article","og_title":"Contact - Maltepe Demir","og_description":"Contact Us; Address : \u00c7erke\u015fli OSB Mevkii Imes 5. Cd.No: 2 PK 41455Dilovas\u0131 \/ Kocaeli \/ T\u00fcrkiye Tel: +90 262 722 93 63 Fax: +90 262 722 93 73","og_url":"https:\/\/maltepedemir.com\/en\/contact\/","og_site_name":"Maltepe Demir","article_modified_time":"2022-09-16T13:21:28+00:00","twitter_card":"summary_large_image","twitter_misc":{"Est. reading time":"1 minute"},"schema":{"@context":"https:\/\/schema.org","@graph":[{"@type":"WebSite","@id":"https:\/\/maltepedemir.com\/#website","url":"https:\/\/maltepedemir.com\/","name":"Maltepe Demir","description":"","potentialAction":[{"@type":"SearchAction","target":{"@type":"EntryPoint","urlTemplate":"https:\/\/maltepedemir.com\/?s={search_term_string}"},"query-input":"required name=search_term_string"}],"inLanguage":"en-US"},{"@type":"WebPage","@id":"https:\/\/maltepedemir.com\/en\/contact\/#webpage","url":"https:\/\/maltepedemir.com\/en\/contact\/","name":"Contact - Maltepe Demir","isPartOf":{"@id":"https:\/\/maltepedemir.com\/#website"},"datePublished":"2015-02-05T08:22:10+00:00","dateModified":"2022-09-16T13:21:28+00:00","description":"Contact Us; Address : \u00c7erke\u015fli OSB Mevkii Imes 5. Cd.No: 2 PK 41455Dilovas\u0131 \/ Kocaeli \/ T\u00fcrkiye Tel: +90 262 722 93 63 Fax: +90 262 722 93 73","breadcrumb":{"@id":"https:\/\/maltepedemir.com\/en\/contact\/#breadcrumb"},"inLanguage":"en-US","potentialAction":[{"@type":"ReadAction","target":["https:\/\/maltepedemir.com\/en\/contact\/"]}]},{"@type":"BreadcrumbList","@id":"https:\/\/maltepedemir.com\/en\/contact\/#breadcrumb","itemListElement":[{"@type":"ListItem","position":1,"name":"Ana sayfa","item":"https:\/\/maltepedemir.com\/en\/"},{"@type":"ListItem","position":2,"name":"Contact"}]}]}},"_links":{"self":[{"href":"https:\/\/maltepedemir.com\/en\/wp-json\/wp\/v2\/pages\/1970"}],"collection":[{"href":"https:\/\/maltepedemir.com\/en\/wp-json\/wp\/v2\/pages"}],"about":[{"href":"https:\/\/maltepedemir.com\/en\/wp-json\/wp\/v2\/types\/page"}],"author":[{"embeddable":true,"href":"https:\/\/maltepedemir.com\/en\/wp-json\/wp\/v2\/users\/1"}],"replies":[{"embeddable":true,"href":"https:\/\/maltepedemir.com\/en\/wp-json\/wp\/v2\/comments?post=1970"}],"version-history":[{"count":3,"href":"https:\/\/maltepedemir.com\/en\/wp-json\/wp\/v2\/pages\/1970\/revisions"}],"predecessor-version":[{"id":2025,"href":"https:\/\/maltepedemir.com\/en\/wp-json\/wp\/v2\/pages\/1970\/revisions\/2025"}],"wp:attachment":[{"href":"https:\/\/maltepedemir.com\/en\/wp-json\/wp\/v2\/media?parent=1970"}],"curies":[{"name":"wp","href":"https:\/\/api.w.org\/{rel}","templated":true}]}}